{"id":1200,"date":"2019-10-18T12:45:42","date_gmt":"2019-10-18T12:45:42","guid":{"rendered":"https:\/\/wanderland.qodeinteractive.com\/?page_id=1200"},"modified":"2023-11-09T15:24:16","modified_gmt":"2023-11-09T15:24:16","slug":"about-us","status":"publish","type":"page","link":"https:\/\/greentoursexpeditions.is\/?page_id=1200","title":{"rendered":"About us"},"content":{"rendered":"<section class=\"wpb-content-wrapper\"><p>[vc_row row_content_width=&#8221;grid&#8221; css=&#8221;.vc_custom_1571648448470{padding-top: 120px !important;}&#8221;][vc_column]<div class=\"mkdf-image-gallery  mkdf-ig-carousel-type mkdf-three-columns mkdf-tiny-space  \">\n\t<div class=\"mkdf-ig-slider mkdf-owl-slider\" data-number-of-items=\"3\" data-enable-loop=\"yes\" data-enable-autoplay=\"yes\" data-slider-speed=\"5000\" data-slider-speed-animation=\"600\" data-slider-padding=\"no\" data-enable-navigation=\"yes\" data-enable-pagination=\"no\">\n\t\t\t\t\t<div class=\"mkdf-ig-image\">\n\t\t\t\t\t\t\t\t\t<img width=\"1763\" height=\"2084\" src=\"https:\/\/greentoursexpeditions.is\/wp-content\/uploads\/2023\/11\/p3-img-03-1-01-1.png\" class=\"attachment-full size-full\" alt=\"\" decoding=\"async\" loading=\"lazy\" srcset=\"https:\/\/greentoursexpeditions.is\/wp-content\/uploads\/2023\/11\/p3-img-03-1-01-1.png 1763w, https:\/\/greentoursexpeditions.is\/wp-content\/uploads\/2023\/11\/p3-img-03-1-01-1-254x300.png 254w, https:\/\/greentoursexpeditions.is\/wp-content\/uploads\/2023\/11\/p3-img-03-1-01-1-866x1024.png 866w, https:\/\/greentoursexpeditions.is\/wp-content\/uploads\/2023\/11\/p3-img-03-1-01-1-768x908.png 768w, https:\/\/greentoursexpeditions.is\/wp-content\/uploads\/2023\/11\/p3-img-03-1-01-1-1299x1536.png 1299w, https:\/\/greentoursexpeditions.is\/wp-content\/uploads\/2023\/11\/p3-img-03-1-01-1-1733x2048.png 1733w\" sizes=\"(max-width: 1763px) 100vw, 1763px\" \/>\t\t\t\t\t\t\t<\/div>\n\t\t\t\t\t<div class=\"mkdf-ig-image\">\n\t\t\t\t\t\t\t\t\t<img width=\"1764\" height=\"2084\" src=\"https:\/\/greentoursexpeditions.is\/wp-content\/uploads\/2023\/11\/p3-img-03-1-02-1.png\" class=\"attachment-full size-full\" alt=\"\" decoding=\"async\" loading=\"lazy\" srcset=\"https:\/\/greentoursexpeditions.is\/wp-content\/uploads\/2023\/11\/p3-img-03-1-02-1.png 1764w, https:\/\/greentoursexpeditions.is\/wp-content\/uploads\/2023\/11\/p3-img-03-1-02-1-254x300.png 254w, https:\/\/greentoursexpeditions.is\/wp-content\/uploads\/2023\/11\/p3-img-03-1-02-1-867x1024.png 867w, https:\/\/greentoursexpeditions.is\/wp-content\/uploads\/2023\/11\/p3-img-03-1-02-1-768x907.png 768w, https:\/\/greentoursexpeditions.is\/wp-content\/uploads\/2023\/11\/p3-img-03-1-02-1-1300x1536.png 1300w, https:\/\/greentoursexpeditions.is\/wp-content\/uploads\/2023\/11\/p3-img-03-1-02-1-1734x2048.png 1734w\" sizes=\"(max-width: 1764px) 100vw, 1764px\" \/>\t\t\t\t\t\t\t<\/div>\n\t\t\t\t\t<div class=\"mkdf-ig-image\">\n\t\t\t\t\t\t\t\t\t<img width=\"1764\" height=\"2084\" src=\"https:\/\/greentoursexpeditions.is\/wp-content\/uploads\/2023\/11\/p3-img-03-1-03-1.png\" class=\"attachment-full size-full\" alt=\"\" decoding=\"async\" loading=\"lazy\" srcset=\"https:\/\/greentoursexpeditions.is\/wp-content\/uploads\/2023\/11\/p3-img-03-1-03-1.png 1764w, https:\/\/greentoursexpeditions.is\/wp-content\/uploads\/2023\/11\/p3-img-03-1-03-1-254x300.png 254w, https:\/\/greentoursexpeditions.is\/wp-content\/uploads\/2023\/11\/p3-img-03-1-03-1-867x1024.png 867w, https:\/\/greentoursexpeditions.is\/wp-content\/uploads\/2023\/11\/p3-img-03-1-03-1-768x907.png 768w, https:\/\/greentoursexpeditions.is\/wp-content\/uploads\/2023\/11\/p3-img-03-1-03-1-1300x1536.png 1300w, https:\/\/greentoursexpeditions.is\/wp-content\/uploads\/2023\/11\/p3-img-03-1-03-1-1734x2048.png 1734w\" sizes=\"(max-width: 1764px) 100vw, 1764px\" \/>\t\t\t\t\t\t\t<\/div>\n\t\t\t\t\t<div class=\"mkdf-ig-image\">\n\t\t\t\t\t\t\t\t\t<img width=\"1763\" height=\"2084\" src=\"https:\/\/greentoursexpeditions.is\/wp-content\/uploads\/2023\/11\/p3-img-03-1-04-1.png\" class=\"attachment-full size-full\" alt=\"\" decoding=\"async\" loading=\"lazy\" srcset=\"https:\/\/greentoursexpeditions.is\/wp-content\/uploads\/2023\/11\/p3-img-03-1-04-1.png 1763w, https:\/\/greentoursexpeditions.is\/wp-content\/uploads\/2023\/11\/p3-img-03-1-04-1-254x300.png 254w, https:\/\/greentoursexpeditions.is\/wp-content\/uploads\/2023\/11\/p3-img-03-1-04-1-866x1024.png 866w, https:\/\/greentoursexpeditions.is\/wp-content\/uploads\/2023\/11\/p3-img-03-1-04-1-768x908.png 768w, https:\/\/greentoursexpeditions.is\/wp-content\/uploads\/2023\/11\/p3-img-03-1-04-1-1299x1536.png 1299w, https:\/\/greentoursexpeditions.is\/wp-content\/uploads\/2023\/11\/p3-img-03-1-04-1-1733x2048.png 1733w\" sizes=\"(max-width: 1763px) 100vw, 1763px\" \/>\t\t\t\t\t\t\t<\/div>\n\t\t\t\t\t<div class=\"mkdf-ig-image\">\n\t\t\t\t\t\t\t\t\t<img width=\"1763\" height=\"2084\" src=\"https:\/\/greentoursexpeditions.is\/wp-content\/uploads\/2023\/11\/p3-img-03-1-05-1.png\" class=\"attachment-full size-full\" alt=\"\" decoding=\"async\" loading=\"lazy\" srcset=\"https:\/\/greentoursexpeditions.is\/wp-content\/uploads\/2023\/11\/p3-img-03-1-05-1.png 1763w, https:\/\/greentoursexpeditions.is\/wp-content\/uploads\/2023\/11\/p3-img-03-1-05-1-254x300.png 254w, https:\/\/greentoursexpeditions.is\/wp-content\/uploads\/2023\/11\/p3-img-03-1-05-1-866x1024.png 866w, https:\/\/greentoursexpeditions.is\/wp-content\/uploads\/2023\/11\/p3-img-03-1-05-1-768x908.png 768w, https:\/\/greentoursexpeditions.is\/wp-content\/uploads\/2023\/11\/p3-img-03-1-05-1-1299x1536.png 1299w, https:\/\/greentoursexpeditions.is\/wp-content\/uploads\/2023\/11\/p3-img-03-1-05-1-1733x2048.png 1733w\" sizes=\"(max-width: 1763px) 100vw, 1763px\" \/>\t\t\t\t\t\t\t<\/div>\n\t\t\t<\/div>\n<\/div>[\/vc_column][\/vc_row][vc_row full_width=&#8221;stretch_row&#8221; css=&#8221;.vc_custom_1698933914849{padding-top: 112px !important;padding-bottom: 30px !important;}&#8221;][vc_column offset=&#8221;vc_col-lg-offset-3 vc_col-lg-6 vc_col-md-offset-2 vc_col-md-8&#8243;]<div class=\"mkdf-section-title-holder   mkdf-st-highlight mkdf-center-align\" style=\"padding: 0 0%;text-align: center\">\n\t<div class=\"mkdf-st-inner\">\n\t\t\t\t\t\t\t<h3 class=\"mkdf-st-title\" >\n                            Get to Know Our <span class=\"mkdf-st-highlight-title-holder\" style=\"color: #ecebe1\">\n                                                        <span class=\"mkdf-st-highlight-title\" style=\"color: #59815b\">Story<\/span>\n                                                        <span class=\"mkdf-st-highlight\">\n                                                        <svg version=\"1.1\" xmlns=\"http:\/\/www.w3.org\/2000\/svg\" xmlns:xlink=\"http:\/\/www.w3.org\/1999\/xlink\" x=\"0px\" y=\"0px\" viewBox=\"0 0 15.7 30\" style=\"enable-background:new 0 0 15.7 30;\" xml:space=\"preserve\" class=\"mkdf-active-hover-left\"><polygon class=\"st0\" points=\"2.6,1 0.7,3.3 2,5.8 2.3,7.6 2.9,8.7 4.4,10.5 3.9,10.8 4.4,11.9 4.4,12.8 4.1,13.8 3.3,14.7 3.9,15.8 4.4,16.8 4,17.5 3.5,18.1 2.2,20.2 3.4,21.5 4.2,24.1 3.4,25.4 2.5,27.4 2.5,27.8 3.2,28.3 4.1,28.5 4.9,29 14.8,29 14.8,1 \"\/><\/svg>\n                                                        <span class=\"mkdf-active-hover-middle\"><\/span>\n                                                        <svg version=\"1.1\" xmlns=\"http:\/\/www.w3.org\/2000\/svg\" xmlns:xlink=\"http:\/\/www.w3.org\/1999\/xlink\" x=\"0px\" y=\"0px\" viewBox=\"0 0 13.3 30\" style=\"enable-background:new 0 0 13.3 30;\" xml:space=\"preserve\" class=\"mkdf-active-hover-right\"><polygon class=\"st0\" points=\"10,1 10.2,2.1 10.6,2.9 10.6,3.3 10.8,3.7 10.8,4.3 11,5 11,5.7 11,6.3 10.5,6.7 10.8,7.3 11,7.8 \t11.6,8.3 11.6,8.6 11.5,8.9 11.6,9.9 11.6,10.5 12.4,11.6 12.1,12 12.4,12.2 11.8,12.8 11.4,13.5 11.6,13.7 11.9,13.7 12,13.9 11.5,15.1 10.8,16 9.1,17.7 9.7,18.2 9.3,19 9.7,19.8 9.6,20.6 9.7,21.5 9.6,21.9 9.6,22.3 10.1,22.8 9.6,23.6 9.7,24 9.7,24.2 9.9,24.4 9.5,24.7 9.3,25.4 9.3,25.9 8.8,26.2 8.5,27.1 8.8,27.8 9.4,28.6 7.8,29 0.9,29 0.9,1 \"\/><\/svg>\n                                                        <\/span>\n                                                    <\/span>            \t\t\t<\/h3>\n\t\t\t\t\t\t\t<\/div>\n<\/div>[vc_column_text]Meet the Adventurous Duo Behind Your Iceland Experience<\/p>\n<p>Explorers at Heart, Wanderers by Nature<\/p>\n<p>Hey there, fellow adventurers! We&#8217;re Green Tours expedition, the dynamic duo that&#8217;s about to take your Iceland journey to the next level. If you&#8217;re looking for a trip that&#8217;s not just a vacation but a full-blown adventure, you&#8217;ve come to the right place.<\/p>\n<p>Our Adventure Chronicles<\/p>\n<p>We don&#8217;t just travel; we devour life&#8217;s experiences. When we&#8217;re not working, you can bet we&#8217;re out there exploring new horizons, scaling mountains, chasing waterfalls, and discovering hidden gems. Iceland, with its otherworldly landscapes, is our playground, and we want you to join in on the fun!<\/p>\n<p>Unearth the Unseen<\/p>\n<p>We&#8217;re not satisfied with just the tourist hotspots; we&#8217;re on a mission to uncover Iceland&#8217;s best-kept secrets. From secluded hot springs to remote black sand beaches, we&#8217;ve scoured every inch of this magical land to curate a journey that&#8217;s as unique as it is breathtaking.<\/p>\n<p>Conversations that Spark<\/p>\n<p>We&#8217;re not your average tour guides; we&#8217;re your adventure companions. With minds as open as the Icelandic horizon, we invite you to share in our curiosity. Expect intriguing conversations about everything from Viking history to the science behind those mesmerizing Northern Lights.<\/p>\n<p>Join Us for an Adventure of a Lifetime<\/p>\n<p>If you&#8217;re ready to embark on a journey that&#8217;s more than a vacation, it&#8217;s a life-affirming experience, then you&#8217;re ready to join us. We&#8217;re not just tour guides; we&#8217;re your fellow travelers, your adventure buddies, and your storytellers. Together, we&#8217;ll create memories that will last a lifetime.<\/p>\n<p>So, what are you waiting for? Dive into the adventure with us, and let&#8217;s make your Iceland dream a reality. Book your trip now and get ready to explore, discover, and be inspired!<\/p>\n<p>Adventure awaits, and we can&#8217;t wait to share it with you![\/vc_column_text][\/vc_column][\/vc_row][vc_row row_content_width=&#8221;grid&#8221;][vc_column]<div class=\"mkdf-destination-list-holder mkdf-grid-list mkdf-three-columns mkdf-tiny-space mkdf-disable-bottom-space  mkdf-dl-pag-no-pagination    \"  data-number-of-columns=three data-space-between-items=tiny data-number-of-items=3 data-image-proportions=full data-enable-image-shadow=no data-orderby=date data-order=ASC data-enable-title=yes data-title-tag=h6 data-title-highlight=yes data-enable-category=no data-enable-excerpt=no data-excerpt-length=90 data-pagination-type=no-pagination data-enable-article-animation=no data-destination-slider-on=no data-enable-loop=yes data-enable-autoplay=yes data-slider-speed=5000 data-slider-speed-animation=600 data-enable-navigation=yes data-enable-pagination=yes data-enable-button=no data-max-num-pages=5 data-next-page=2>\n\t<div class=\"mkdf-pl-inner mkdf-outer-space  clearfix\">\n\t\t<article class=\"mkdf-dl-item mkdf-item-space\">\n\t<div class=\"mkdf-dl-item-inner\">\n\t\t<div class=\"mkdf-dli-image\">\n\t<img width=\"4032\" height=\"3024\" src=\"https:\/\/greentoursexpeditions.is\/wp-content\/uploads\/2023\/11\/3333.png\" class=\"attachment-full size-full wp-post-image\" alt=\"\" decoding=\"async\" srcset=\"https:\/\/greentoursexpeditions.is\/wp-content\/uploads\/2023\/11\/3333.png 4032w, https:\/\/greentoursexpeditions.is\/wp-content\/uploads\/2023\/11\/3333-300x225.png 300w, https:\/\/greentoursexpeditions.is\/wp-content\/uploads\/2023\/11\/3333-1024x768.png 1024w, https:\/\/greentoursexpeditions.is\/wp-content\/uploads\/2023\/11\/3333-768x576.png 768w, https:\/\/greentoursexpeditions.is\/wp-content\/uploads\/2023\/11\/3333-1536x1152.png 1536w\" sizes=\"(max-width: 4032px) 100vw, 4032px\" \/><\/div>\n<div class=\"mkdf-dli-text-holder\">\n\t<div class=\"mkdf-dli-text-wrapper\">\n\t\t<div class=\"mkdf-dli-text\">\n\t\t\t<div class=\"mkdf-dli-text-inner\">\n\t\t\t\t\t\t\t\t\t<svg xmlns=\"http:\/\/www.w3.org\/2000\/svg\" xmlns:xlink=\"http:\/\/www.w3.org\/1999\/xlink\" x=\"0px\" y=\"0px\" viewBox=\"0 0 14.1 28\" style=\"enable-background:new 0 0 14.1 28;\" xml:space=\"preserve\" class=\"mkdf-active-hover-left\"><polygon class=\"st0\" points=\"1.9,0 0,2.3 1.3,4.8 1.6,6.6 2.2,7.7 3.7,9.5 3.2,9.8 3.7,10.9 3.7,11.8 3.4,12.8 2.6,13.7 3.2,14.8\n\t3.7,15.8 3.3,16.5 2.8,17.1 1.5,19.2 2.7,20.5 3.5,23.1 2.7,24.4 1.8,26.4 1.8,26.8 2.5,27.3 3.4,27.5 4.2,28 14.1,28 14.1,0 \"\/><\/svg>\t\t\t\t\t<svg xmlns=\"http:\/\/www.w3.org\/2000\/svg\" xmlns:xlink=\"http:\/\/www.w3.org\/1999\/xlink\" x=\"0px\" y=\"0px\" viewBox=\"0 0 11.5 28\" style=\"enable-background:new 0 0 11.5 28;\" xml:space=\"preserve\" class=\"mkdf-active-hover-right\"><polygon class=\"st0\" points=\"9.1,0 9.3,1.1 9.7,1.9 9.7,2.3 9.9,2.7 9.9,3.3 10.1,4 10.1,4.7 10.1,5.3 9.6,5.7 9.9,6.3 10.1,6.8\n\t10.7,7.3 10.7,7.6 10.6,7.9 10.7,8.9 10.7,9.5 11.5,10.6 11.2,11 11.5,11.2 10.9,11.8 10.5,12.5 10.7,12.7 11,12.7 11.1,12.9\n\t10.6,14.1 9.9,15 8.2,16.7 8.8,17.2 8.4,18 8.8,18.8 8.7,19.6 8.8,20.5 8.7,20.9 8.7,21.3 9.2,21.8 8.7,22.6 8.8,23 8.8,23.2\n\t9,23.4 8.6,23.7 8.4,24.4 8.4,24.9 7.9,25.2 7.6,26.1 7.9,26.8 8.5,27.6 6.9,28 0,28 0,0 \"\/><\/svg>\t\t\t\t\t\t\t\t\t\t\t\t\t<h6 itemprop=\"name\" class=\"mkdf-dli-title entry-title\">\n\t\t<span>\n\t\t\t<span class=\"mkdf-dli-title-wrap\">\n\t\t\t\t\u00de\u00f3rsm\u00f6rk Valley and Majestic Waterfalls\t\t\t<\/span>\n\t\t<\/span>\n\t<\/h6>\n\t\t\t\t\t\t\t\t\t\t\t<\/div>\n\t\t<\/div>\n\t<\/div>\n<\/div>\n\t\t<a itemprop=\"url\" class=\"mkdf-dli-link mkdf-block-drag-link\" href=\"https:\/\/greentoursexpeditions.is\/?destination-item=iceland-2\"><\/a>\n\t<\/div>\n<\/article><article class=\"mkdf-dl-item mkdf-item-space\">\n\t<div class=\"mkdf-dl-item-inner\">\n\t\t<div class=\"mkdf-dli-image\">\n\t<img width=\"941\" height=\"519\" src=\"https:\/\/greentoursexpeditions.is\/wp-content\/uploads\/revslider\/alternating-post\/h6-rev-slide1.png\" class=\"attachment-full size-full wp-post-image\" alt=\"\" decoding=\"async\" srcset=\"https:\/\/greentoursexpeditions.is\/wp-content\/uploads\/revslider\/alternating-post\/h6-rev-slide1.png 941w, https:\/\/greentoursexpeditions.is\/wp-content\/uploads\/revslider\/alternating-post\/h6-rev-slide1-300x165.png 300w, https:\/\/greentoursexpeditions.is\/wp-content\/uploads\/revslider\/alternating-post\/h6-rev-slide1-768x424.png 768w\" sizes=\"(max-width: 941px) 100vw, 941px\" \/><\/div>\n<div class=\"mkdf-dli-text-holder\">\n\t<div class=\"mkdf-dli-text-wrapper\">\n\t\t<div class=\"mkdf-dli-text\">\n\t\t\t<div class=\"mkdf-dli-text-inner\">\n\t\t\t\t\t\t\t\t\t<svg xmlns=\"http:\/\/www.w3.org\/2000\/svg\" xmlns:xlink=\"http:\/\/www.w3.org\/1999\/xlink\" x=\"0px\" y=\"0px\" viewBox=\"0 0 14.1 28\" style=\"enable-background:new 0 0 14.1 28;\" xml:space=\"preserve\" class=\"mkdf-active-hover-left\"><polygon class=\"st0\" points=\"1.9,0 0,2.3 1.3,4.8 1.6,6.6 2.2,7.7 3.7,9.5 3.2,9.8 3.7,10.9 3.7,11.8 3.4,12.8 2.6,13.7 3.2,14.8\n\t3.7,15.8 3.3,16.5 2.8,17.1 1.5,19.2 2.7,20.5 3.5,23.1 2.7,24.4 1.8,26.4 1.8,26.8 2.5,27.3 3.4,27.5 4.2,28 14.1,28 14.1,0 \"\/><\/svg>\t\t\t\t\t<svg xmlns=\"http:\/\/www.w3.org\/2000\/svg\" xmlns:xlink=\"http:\/\/www.w3.org\/1999\/xlink\" x=\"0px\" y=\"0px\" viewBox=\"0 0 11.5 28\" style=\"enable-background:new 0 0 11.5 28;\" xml:space=\"preserve\" class=\"mkdf-active-hover-right\"><polygon class=\"st0\" points=\"9.1,0 9.3,1.1 9.7,1.9 9.7,2.3 9.9,2.7 9.9,3.3 10.1,4 10.1,4.7 10.1,5.3 9.6,5.7 9.9,6.3 10.1,6.8\n\t10.7,7.3 10.7,7.6 10.6,7.9 10.7,8.9 10.7,9.5 11.5,10.6 11.2,11 11.5,11.2 10.9,11.8 10.5,12.5 10.7,12.7 11,12.7 11.1,12.9\n\t10.6,14.1 9.9,15 8.2,16.7 8.8,17.2 8.4,18 8.8,18.8 8.7,19.6 8.8,20.5 8.7,20.9 8.7,21.3 9.2,21.8 8.7,22.6 8.8,23 8.8,23.2\n\t9,23.4 8.6,23.7 8.4,24.4 8.4,24.9 7.9,25.2 7.6,26.1 7.9,26.8 8.5,27.6 6.9,28 0,28 0,0 \"\/><\/svg>\t\t\t\t\t\t\t\t\t\t\t\t\t<h6 itemprop=\"name\" class=\"mkdf-dli-title entry-title\">\n\t\t<span>\n\t\t\t<span class=\"mkdf-dli-title-wrap\">\n\t\t\t\tA Journey Through Fire and Ice\t\t\t<\/span>\n\t\t<\/span>\n\t<\/h6>\n\t\t\t\t\t\t\t\t\t\t\t<\/div>\n\t\t<\/div>\n\t<\/div>\n<\/div>\n\t\t<a itemprop=\"url\" class=\"mkdf-dli-link mkdf-block-drag-link\" href=\"https:\/\/greentoursexpeditions.is\/?destination-item=glacier-lagoon-expedition\"><\/a>\n\t<\/div>\n<\/article><article class=\"mkdf-dl-item mkdf-item-space\">\n\t<div class=\"mkdf-dl-item-inner\">\n\t\t<div class=\"mkdf-dli-image\">\n\t<img width=\"4032\" height=\"3024\" src=\"https:\/\/greentoursexpeditions.is\/wp-content\/uploads\/2023\/11\/11111.png\" class=\"attachment-full size-full wp-post-image\" alt=\"\" decoding=\"async\" srcset=\"https:\/\/greentoursexpeditions.is\/wp-content\/uploads\/2023\/11\/11111.png 4032w, https:\/\/greentoursexpeditions.is\/wp-content\/uploads\/2023\/11\/11111-300x225.png 300w, https:\/\/greentoursexpeditions.is\/wp-content\/uploads\/2023\/11\/11111-1024x768.png 1024w, https:\/\/greentoursexpeditions.is\/wp-content\/uploads\/2023\/11\/11111-768x576.png 768w, https:\/\/greentoursexpeditions.is\/wp-content\/uploads\/2023\/11\/11111-1536x1152.png 1536w\" sizes=\"(max-width: 4032px) 100vw, 4032px\" \/><\/div>\n<div class=\"mkdf-dli-text-holder\">\n\t<div class=\"mkdf-dli-text-wrapper\">\n\t\t<div class=\"mkdf-dli-text\">\n\t\t\t<div class=\"mkdf-dli-text-inner\">\n\t\t\t\t\t\t\t\t\t<svg xmlns=\"http:\/\/www.w3.org\/2000\/svg\" xmlns:xlink=\"http:\/\/www.w3.org\/1999\/xlink\" x=\"0px\" y=\"0px\" viewBox=\"0 0 14.1 28\" style=\"enable-background:new 0 0 14.1 28;\" xml:space=\"preserve\" class=\"mkdf-active-hover-left\"><polygon class=\"st0\" points=\"1.9,0 0,2.3 1.3,4.8 1.6,6.6 2.2,7.7 3.7,9.5 3.2,9.8 3.7,10.9 3.7,11.8 3.4,12.8 2.6,13.7 3.2,14.8\n\t3.7,15.8 3.3,16.5 2.8,17.1 1.5,19.2 2.7,20.5 3.5,23.1 2.7,24.4 1.8,26.4 1.8,26.8 2.5,27.3 3.4,27.5 4.2,28 14.1,28 14.1,0 \"\/><\/svg>\t\t\t\t\t<svg xmlns=\"http:\/\/www.w3.org\/2000\/svg\" xmlns:xlink=\"http:\/\/www.w3.org\/1999\/xlink\" x=\"0px\" y=\"0px\" viewBox=\"0 0 11.5 28\" style=\"enable-background:new 0 0 11.5 28;\" xml:space=\"preserve\" class=\"mkdf-active-hover-right\"><polygon class=\"st0\" points=\"9.1,0 9.3,1.1 9.7,1.9 9.7,2.3 9.9,2.7 9.9,3.3 10.1,4 10.1,4.7 10.1,5.3 9.6,5.7 9.9,6.3 10.1,6.8\n\t10.7,7.3 10.7,7.6 10.6,7.9 10.7,8.9 10.7,9.5 11.5,10.6 11.2,11 11.5,11.2 10.9,11.8 10.5,12.5 10.7,12.7 11,12.7 11.1,12.9\n\t10.6,14.1 9.9,15 8.2,16.7 8.8,17.2 8.4,18 8.8,18.8 8.7,19.6 8.8,20.5 8.7,20.9 8.7,21.3 9.2,21.8 8.7,22.6 8.8,23 8.8,23.2\n\t9,23.4 8.6,23.7 8.4,24.4 8.4,24.9 7.9,25.2 7.6,26.1 7.9,26.8 8.5,27.6 6.9,28 0,28 0,0 \"\/><\/svg>\t\t\t\t\t\t\t\t\t\t\t\t\t<h6 itemprop=\"name\" class=\"mkdf-dli-title entry-title\">\n\t\t<span>\n\t\t\t<span class=\"mkdf-dli-title-wrap\">\n\t\t\t\tUnveiling Iceland&#8217;s Natural Wonders of Golden Circle\t\t\t<\/span>\n\t\t<\/span>\n\t<\/h6>\n\t\t\t\t\t\t\t\t\t\t\t<\/div>\n\t\t<\/div>\n\t<\/div>\n<\/div>\n\t\t<a itemprop=\"url\" class=\"mkdf-dli-link mkdf-block-drag-link\" href=\"https:\/\/greentoursexpeditions.is\/?destination-item=thorsmork-waterfall-trek\"><\/a>\n\t<\/div>\n<\/article>\t<\/div>\n\t\n\t<\/div>[\/vc_column][\/vc_row][vc_row disable_element=&#8221;yes&#8221; row_content_width=&#8221;grid&#8221; css=&#8221;.vc_custom_1699543452432{padding-top: 30px !important;background-position: center !important;background-repeat: no-repeat !important;background-size: cover !important;}&#8221;][vc_column]<div class=\"mkdf-elements-holder   mkdf-two-columns  mkdf-responsive-mode-1024 \" ><div class=\"mkdf-eh-item    \"  data-item-class=\"mkdf-eh-custom-3429\" data-1400-1600=\"0 40px 0 0\" data-1025-1399=\"0 40px 0 0\" data-769-1024=\"0 17% 0 0\" data-681-768=\"0 32% 0 0\">\n\t<div class=\"mkdf-eh-item-inner\">\n\t\t<div class=\"mkdf-eh-item-content mkdf-eh-custom-3429\" style=\"padding: 0 70px 0 0\">\n\t\t\t<div class=\"mkdf-section-title-holder  \" style=\"text-align: left\">\n\t<div class=\"mkdf-st-inner\">\n\t\t\t\t\t\t\t<h3 class=\"mkdf-st-title\" >\n                            Finding your way through            \t\t\t<\/h3>\n\t\t\t\t\t\t\t<p class=\"mkdf-st-text \" style=\"font-size: 18px;line-height: 26px\">\n            \t            Lorem ipsum dolor sit amet, consectetur adipisicing elit, sed do eiusmod tempor incididu nt ut labore et dolore magna aliqua. Ut enim ad minim veniam, quis nostrud exerc itation ullamco laboris.            \t\t\t<\/p>\n\t\t\t\t\t\t\t<div class=\"mkdf-st-button\"><a itemprop=\"url\" href=\"#\" target=\"_self\"  class=\"mkdf-btn mkdf-btn-medium mkdf-btn-solid mkdf-btn-svg-icon\"  >    <span class=\"mkdf-btn-text\">Read more<\/span>\t\t\t<svg version=\"1.1\" id=\"Layer_1\" xmlns=\"http:\/\/www.w3.org\/2000\/svg\" xmlns:xlink=\"http:\/\/www.w3.org\/1999\/xlink\" x=\"0px\" y=\"0px\"\t\t     viewBox=\"0 0 17 17\" style=\"enable-background:new 0 0 17 17;\" xml:space=\"preserve\">\t\t\t<g>\t\t\t\t<path d=\"M15,1.9\"\/>\t\t\t\t<line x1=\"1.7\" y1=\"15.3\" x2=\"15\" y2=\"1.9\"\/>\t\t\t\t<line x1=\"16\" y1=\"1.9\" x2=\"15\" y2=\"1.9\"\/>\t\t\t\t<line x1=\"15\" y1=\"1.9\" x2=\"1\" y2=\"1.9\"\/>\t\t\t\t<path d=\"M15,1.9\"\/>\t\t\t\t<line x1=\"15\" y1=\"16\" x2=\"15\" y2=\"1.9\"\/>\t\t\t<\/g><\/svg>\t\t<svg version=\"1.1\" id=\"Layer_1\" xmlns=\"http:\/\/www.w3.org\/2000\/svg\" xmlns:xlink=\"http:\/\/www.w3.org\/1999\/xlink\" x=\"0px\" y=\"0px\"\t\t     viewBox=\"0 0 17 17\" style=\"enable-background:new 0 0 17 17;\" xml:space=\"preserve\">\t\t\t<g>\t\t\t\t<path d=\"M15,1.9\"\/>\t\t\t\t<line x1=\"1.7\" y1=\"15.3\" x2=\"15\" y2=\"1.9\"\/>\t\t\t\t<line  x1=\"16\" y1=\"1.9\" x2=\"15\" y2=\"1.9\"\/>\t\t\t\t<line x1=\"15\" y1=\"1.9\" x2=\"1\" y2=\"1.9\"\/>\t\t\t\t<path d=\"M15,1.9\"\/>\t\t\t\t<line x1=\"15\" y1=\"16\" x2=\"15\" y2=\"1.9\"\/>\t\t\t<\/g><\/svg>\t<\/a><\/div>\n\t\t\t<\/div>\n<\/div>\t\t<\/div>\n\t<\/div>\n<\/div><div class=\"mkdf-eh-item    \"  data-item-class=\"mkdf-eh-custom-2102\" data-1400-1600=\"0 0 0 0\" data-1025-1399=\"0 0 0 0\" data-769-1024=\"68px 0 0 0\" data-681-768=\"68px 0 0 0\" data-680=\"68px 0 0 0\">\n\t<div class=\"mkdf-eh-item-inner\">\n\t\t<div class=\"mkdf-eh-item-content mkdf-eh-custom-2102\" style=\"padding: 0 0 0 0\">\n\t\t\t<div class=\"mkdf-single-image-holder   \">\n    <div class=\"mkdf-si-inner\" >\n                                                            <\/div>\n<\/div>\t\t<\/div>\n\t<\/div>\n<\/div><\/div>[\/vc_column][\/vc_row][vc_row row_content_width=&#8221;grid&#8221; css=&#8221;.vc_custom_1571404269668{padding-top: 100px !important;padding-bottom: 100px !important;}&#8221;][vc_column][vc_row_inner css=&#8221;.vc_custom_1570700129600{padding-bottom: 50px !important;}&#8221;][vc_column_inner offset=&#8221;vc_col-lg-offset-3 vc_col-lg-6 vc_col-md-offset-1 vc_col-md-10 vc_col-sm-offset-0&#8243;]<div class=\"mkdf-section-title-holder   mkdf-st-highlight mkdf-center-align\" style=\"text-align: center\">\n\t<div class=\"mkdf-st-inner\">\n\t\t\t\t\t\t\t<h2 class=\"mkdf-st-title\" >\n                            Join in with <span class=\"mkdf-st-highlight-title-holder\" style=\"color: #ffffff\">\n                                                        <span class=\"mkdf-st-highlight-title\" style=\"color: #59815b\">#green_tours_expeditions<\/span>\n                                                        <span class=\"mkdf-st-highlight\">\n                                                        <svg version=\"1.1\" xmlns=\"http:\/\/www.w3.org\/2000\/svg\" xmlns:xlink=\"http:\/\/www.w3.org\/1999\/xlink\" x=\"0px\" y=\"0px\" viewBox=\"0 0 15.7 30\" style=\"enable-background:new 0 0 15.7 30;\" xml:space=\"preserve\" class=\"mkdf-active-hover-left\"><polygon class=\"st0\" points=\"2.6,1 0.7,3.3 2,5.8 2.3,7.6 2.9,8.7 4.4,10.5 3.9,10.8 4.4,11.9 4.4,12.8 4.1,13.8 3.3,14.7 3.9,15.8 4.4,16.8 4,17.5 3.5,18.1 2.2,20.2 3.4,21.5 4.2,24.1 3.4,25.4 2.5,27.4 2.5,27.8 3.2,28.3 4.1,28.5 4.9,29 14.8,29 14.8,1 \"\/><\/svg>\n                                                        <span class=\"mkdf-active-hover-middle\"><\/span>\n                                                        <svg version=\"1.1\" xmlns=\"http:\/\/www.w3.org\/2000\/svg\" xmlns:xlink=\"http:\/\/www.w3.org\/1999\/xlink\" x=\"0px\" y=\"0px\" viewBox=\"0 0 13.3 30\" style=\"enable-background:new 0 0 13.3 30;\" xml:space=\"preserve\" class=\"mkdf-active-hover-right\"><polygon class=\"st0\" points=\"10,1 10.2,2.1 10.6,2.9 10.6,3.3 10.8,3.7 10.8,4.3 11,5 11,5.7 11,6.3 10.5,6.7 10.8,7.3 11,7.8 \t11.6,8.3 11.6,8.6 11.5,8.9 11.6,9.9 11.6,10.5 12.4,11.6 12.1,12 12.4,12.2 11.8,12.8 11.4,13.5 11.6,13.7 11.9,13.7 12,13.9 11.5,15.1 10.8,16 9.1,17.7 9.7,18.2 9.3,19 9.7,19.8 9.6,20.6 9.7,21.5 9.6,21.9 9.6,22.3 10.1,22.8 9.6,23.6 9.7,24 9.7,24.2 9.9,24.4 9.5,24.7 9.3,25.4 9.3,25.9 8.8,26.2 8.5,27.1 8.8,27.8 9.4,28.6 7.8,29 0.9,29 0.9,1 \"\/><\/svg>\n                                                        <\/span>\n                                                    <\/span>            \t\t\t<\/h2>\n\t\t\t\t\t\t\t<\/div>\n<\/div>[\/vc_column_inner][\/vc_row_inner]<div class=\"mkdf-instagram-list-holder mkdf-grid-list mkdf-four-columns mkdf-tiny-space\" >\n            <div class=\"mkdf-instagram-not-connected\">\n            It seams that you haven&#039;t connected with your Instagram account        <\/div>\n    <\/div>\n[\/vc_column][\/vc_row]<\/p>\n<\/section>","protected":false},"excerpt":{"rendered":"<p>[vc_row row_content_width=&#8221;grid&#8221; css=&#8221;.vc_custom_1571648448470{padding-top: 120px !important;}&#8221;][vc_column][\/vc_column][\/vc_row][vc_row full_width=&#8221;stretch_row&#8221; css=&#8221;.vc_custom_1698933914849{padding-top: 112px !important;padding-bottom: 30px !important;}&#8221;][vc_column offset=&#8221;vc_col-lg-offset-3 vc_col-lg-6 vc_col-md-offset-2 vc_col-md-8&#8243;][vc_column_text]Meet the Adventurous Duo Behind Your Iceland Experience Explorers at Heart, Wanderers by Nature Hey there, fellow adventurers! We&#8217;re Green Tours expedition, the dynamic duo that&#8217;s about to take your Iceland journey [&hellip;]<\/p>\n","protected":false},"author":1,"featured_media":0,"parent":0,"menu_order":0,"comment_status":"closed","ping_status":"closed","template":"full-width.php","meta":{"footnotes":""},"_links":{"self":[{"href":"https:\/\/greentoursexpeditions.is\/index.php?rest_route=\/wp\/v2\/pages\/1200"}],"collection":[{"href":"https:\/\/greentoursexpeditions.is\/index.php?rest_route=\/wp\/v2\/pages"}],"about":[{"href":"https:\/\/greentoursexpeditions.is\/index.php?rest_route=\/wp\/v2\/types\/page"}],"author":[{"embeddable":true,"href":"https:\/\/greentoursexpeditions.is\/index.php?rest_route=\/wp\/v2\/users\/1"}],"replies":[{"embeddable":true,"href":"https:\/\/greentoursexpeditions.is\/index.php?rest_route=%2Fwp%2Fv2%2Fcomments&post=1200"}],"version-history":[{"count":25,"href":"https:\/\/greentoursexpeditions.is\/index.php?rest_route=\/wp\/v2\/pages\/1200\/revisions"}],"predecessor-version":[{"id":3905,"href":"https:\/\/greentoursexpeditions.is\/index.php?rest_route=\/wp\/v2\/pages\/1200\/revisions\/3905"}],"wp:attachment":[{"href":"https:\/\/greentoursexpeditions.is\/index.php?rest_route=%2Fwp%2Fv2%2Fmedia&parent=1200"}],"curies":[{"name":"wp","href":"https:\/\/api.w.org\/{rel}","templated":true}]}}