{"id":2077,"date":"2019-11-22T22:42:26","date_gmt":"2019-11-22T22:42:26","guid":{"rendered":"https:\/\/wanderland.qodeinteractive.com\/?page_id=2077"},"modified":"2023-11-22T22:42:13","modified_gmt":"2023-11-22T22:42:13","slug":"destination-list","status":"publish","type":"page","link":"https:\/\/greentoursexpeditions.is\/?page_id=2077","title":{"rendered":"Green tour offer"},"content":{"rendered":"<section class=\"wpb-content-wrapper\"><p>[vc_row css=&#8221;.vc_custom_1572593905416{padding-top: 54px !important;background-image: url(https:\/\/greentoursexpeditions.is\/wp-content\/uploads\/2019\/10\/h1-bckg-02.jpg?id=102) !important;background-position: center !important;background-repeat: no-repeat !important;background-size: cover !important;}&#8221;][vc_column offset=&#8221;vc_col-lg-offset-0&#8243;][vc_empty_space height=&#8221;132px&#8221;][vc_row_inner content_placement=&#8221;middle&#8221; row_content_width=&#8221;grid&#8221; content_text_aligment=&#8221;center&#8221; css=&#8221;.vc_custom_1698402748713{padding-top: 55px !important;}&#8221;][vc_column_inner width=&#8221;1\/3&#8243;]<div class=\"mkdf-single-image-holder   \">\n    <div class=\"mkdf-si-inner\" >\n                                    <img width=\"4032\" height=\"3024\" src=\"https:\/\/greentoursexpeditions.is\/wp-content\/uploads\/2023\/11\/11111.png\" class=\"attachment-full size-full\" alt=\"\" decoding=\"async\" loading=\"lazy\" srcset=\"https:\/\/greentoursexpeditions.is\/wp-content\/uploads\/2023\/11\/11111.png 4032w, https:\/\/greentoursexpeditions.is\/wp-content\/uploads\/2023\/11\/11111-300x225.png 300w, https:\/\/greentoursexpeditions.is\/wp-content\/uploads\/2023\/11\/11111-1024x768.png 1024w, https:\/\/greentoursexpeditions.is\/wp-content\/uploads\/2023\/11\/11111-768x576.png 768w, https:\/\/greentoursexpeditions.is\/wp-content\/uploads\/2023\/11\/11111-1536x1152.png 1536w\" sizes=\"(max-width: 4032px) 100vw, 4032px\" \/>                        <\/div>\n<\/div><div class=\"mkdf-section-title-holder  \" >\n\t<div class=\"mkdf-st-inner\">\n\t\t\t\t\t\t\t<h3 class=\"mkdf-st-title\" >\n                            Golden Circle Adventure            \t\t\t<\/h3>\n\t\t\t\t\t\t\t<\/div>\n<\/div>[vc_column_text el_class=&#8221;text_oferta&#8221;]<strong>Duration:<\/strong> 8 hours<br \/>\n<strong>Price:<\/strong> 200,000 ISK<br \/>\n<strong>Highlights:<\/strong> Geysir geothermal area, Gullfoss waterfall, Thingvellir National Park[\/vc_column_text][vc_empty_space height=&#8221;10px&#8221;]<a itemprop=\"url\" href=\"https:\/\/greentoursexpeditions.is\/?destination-item=thorsmork-waterfall-trek\" target=\"_self\"  class=\"mkdf-btn mkdf-btn-small mkdf-btn-solid przycisk_oferta\"  >\n    <span class=\"mkdf-btn-text\">Read more<\/span>\n\t\t\t\t\t\t<\/a>[\/vc_column_inner][vc_column_inner width=&#8221;1\/3&#8243;]<div class=\"mkdf-single-image-holder   \">\n    <div class=\"mkdf-si-inner\" >\n                                    <img width=\"4032\" height=\"3024\" src=\"https:\/\/greentoursexpeditions.is\/wp-content\/uploads\/2023\/11\/22222.png\" class=\"attachment-full size-full\" alt=\"\" decoding=\"async\" loading=\"lazy\" srcset=\"https:\/\/greentoursexpeditions.is\/wp-content\/uploads\/2023\/11\/22222.png 4032w, https:\/\/greentoursexpeditions.is\/wp-content\/uploads\/2023\/11\/22222-300x225.png 300w, https:\/\/greentoursexpeditions.is\/wp-content\/uploads\/2023\/11\/22222-1024x768.png 1024w, https:\/\/greentoursexpeditions.is\/wp-content\/uploads\/2023\/11\/22222-768x576.png 768w, https:\/\/greentoursexpeditions.is\/wp-content\/uploads\/2023\/11\/22222-1536x1152.png 1536w\" sizes=\"(max-width: 4032px) 100vw, 4032px\" \/>                        <\/div>\n<\/div><div class=\"mkdf-section-title-holder  \" >\n\t<div class=\"mkdf-st-inner\">\n\t\t\t\t\t\t\t<h3 class=\"mkdf-st-title\" >\n                            Glacier Lagoon Expedition (Full Day)            \t\t\t<\/h3>\n\t\t\t\t\t\t\t<\/div>\n<\/div>[vc_column_text el_class=&#8221;text_oferta&#8221;]Duration: 12 hours<br \/>\nPrice: 259,000 ISK<br \/>\nHighlights: J\u00f6kuls\u00e1rl\u00f3n Glacier Lagoon, Diamond Beach, Vatnaj\u00f6kull National Park[\/vc_column_text][vc_empty_space height=&#8221;10px&#8221;]<a itemprop=\"url\" href=\"https:\/\/greentoursexpeditions.is\/?destination-item=glacier-lagoon-expedition\" target=\"_self\"  class=\"mkdf-btn mkdf-btn-medium mkdf-btn-solid\"  >\n    <span class=\"mkdf-btn-text\">Read more<\/span>\n\t\t\t\t\t\t<\/a>[\/vc_column_inner][vc_column_inner width=&#8221;1\/3&#8243;]<div class=\"mkdf-single-image-holder   \">\n    <div class=\"mkdf-si-inner\" >\n                                    <img width=\"4032\" height=\"3024\" src=\"https:\/\/greentoursexpeditions.is\/wp-content\/uploads\/2023\/11\/12.png\" class=\"attachment-full size-full\" alt=\"\" decoding=\"async\" loading=\"lazy\" srcset=\"https:\/\/greentoursexpeditions.is\/wp-content\/uploads\/2023\/11\/12.png 4032w, https:\/\/greentoursexpeditions.is\/wp-content\/uploads\/2023\/11\/12-300x225.png 300w, https:\/\/greentoursexpeditions.is\/wp-content\/uploads\/2023\/11\/12-1024x768.png 1024w, https:\/\/greentoursexpeditions.is\/wp-content\/uploads\/2023\/11\/12-768x576.png 768w, https:\/\/greentoursexpeditions.is\/wp-content\/uploads\/2023\/11\/12-1536x1152.png 1536w\" sizes=\"(max-width: 4032px) 100vw, 4032px\" \/>                        <\/div>\n<\/div><div class=\"mkdf-section-title-holder  \" >\n\t<div class=\"mkdf-st-inner\">\n\t\t\t\t\t\t\t<h3 class=\"mkdf-st-title\" >\n                            Midnight Sun Photography Tour            \t\t\t<\/h3>\n\t\t\t\t\t\t\t<\/div>\n<\/div>[vc_column_text el_class=&#8221;text_oferta&#8221;]Duration: 8 hours (seasonal)<br \/>\nPrice: 225,000 ISK<br \/>\nHighlights: Capturing the Midnight Sun, Unique Lighting[\/vc_column_text][vc_empty_space height=&#8221;10px&#8221;]<a itemprop=\"url\" href=\"https:\/\/greentoursexpeditions.is\/?destination-item=midnight-sun-photography-tour\" target=\"_self\"  class=\"mkdf-btn mkdf-btn-medium mkdf-btn-solid\"  >\n    <span class=\"mkdf-btn-text\">Read more<\/span>\n\t\t\t\t\t\t<\/a>[\/vc_column_inner][\/vc_row_inner][vc_row_inner content_placement=&#8221;middle&#8221; row_content_width=&#8221;grid&#8221; content_text_aligment=&#8221;center&#8221; css=&#8221;.vc_custom_1698402748713{padding-top: 55px !important;}&#8221;][vc_column_inner width=&#8221;1\/3&#8243;]<div class=\"mkdf-single-image-holder   \">\n    <div class=\"mkdf-si-inner\" >\n                                    <img width=\"4032\" height=\"3024\" src=\"https:\/\/greentoursexpeditions.is\/wp-content\/uploads\/2023\/11\/44444-1.png\" class=\"attachment-full size-full\" alt=\"\" decoding=\"async\" loading=\"lazy\" srcset=\"https:\/\/greentoursexpeditions.is\/wp-content\/uploads\/2023\/11\/44444-1.png 4032w, https:\/\/greentoursexpeditions.is\/wp-content\/uploads\/2023\/11\/44444-1-300x225.png 300w, https:\/\/greentoursexpeditions.is\/wp-content\/uploads\/2023\/11\/44444-1-1024x768.png 1024w, https:\/\/greentoursexpeditions.is\/wp-content\/uploads\/2023\/11\/44444-1-768x576.png 768w, https:\/\/greentoursexpeditions.is\/wp-content\/uploads\/2023\/11\/44444-1-1536x1152.png 1536w\" sizes=\"(max-width: 4032px) 100vw, 4032px\" \/>                        <\/div>\n<\/div><div class=\"mkdf-section-title-holder  \" >\n\t<div class=\"mkdf-st-inner\">\n\t\t\t\t\t\t\t<h3 class=\"mkdf-st-title\" >\n                            Landmannalaugar Colorful Mountains            \t\t\t<\/h3>\n\t\t\t\t\t\t\t<\/div>\n<\/div>[vc_column_text el_class=&#8221;text_oferta&#8221;]<strong>Duration:<\/strong> 12 hours (available june to september)<br \/>\n<strong>Price:<\/strong> 259,000 ISK<br \/>\n<strong>Highlights<\/strong>: Landmannalaugar, Hiking, Hot Springs, Rhyolite Mountains[\/vc_column_text][vc_empty_space height=&#8221;10px&#8221;]<a itemprop=\"url\" href=\"https:\/\/greentoursexpeditions.is\/?destination-item=landmannalaugars-colorful-mountains-in-iceland\" target=\"_self\"  class=\"mkdf-btn mkdf-btn-small mkdf-btn-solid przycisk_oferta\"  >\n    <span class=\"mkdf-btn-text\">Read more<\/span>\n\t\t\t\t\t\t<\/a>[\/vc_column_inner][vc_column_inner width=&#8221;1\/3&#8243;]<div class=\"mkdf-single-image-holder   \">\n    <div class=\"mkdf-si-inner\" >\n                                    <img width=\"4032\" height=\"3024\" src=\"https:\/\/greentoursexpeditions.is\/wp-content\/uploads\/2023\/11\/555555.png\" class=\"attachment-full size-full\" alt=\"\" decoding=\"async\" loading=\"lazy\" srcset=\"https:\/\/greentoursexpeditions.is\/wp-content\/uploads\/2023\/11\/555555.png 4032w, https:\/\/greentoursexpeditions.is\/wp-content\/uploads\/2023\/11\/555555-300x225.png 300w, https:\/\/greentoursexpeditions.is\/wp-content\/uploads\/2023\/11\/555555-1024x768.png 1024w, https:\/\/greentoursexpeditions.is\/wp-content\/uploads\/2023\/11\/555555-768x576.png 768w, https:\/\/greentoursexpeditions.is\/wp-content\/uploads\/2023\/11\/555555-1536x1152.png 1536w\" sizes=\"(max-width: 4032px) 100vw, 4032px\" \/>                        <\/div>\n<\/div><div class=\"mkdf-section-title-holder  \" >\n\t<div class=\"mkdf-st-inner\">\n\t\t\t\t\t\t\t<h3 class=\"mkdf-st-title\" >\n                            Extreme Off-Road Adventure with River Crossing            \t\t\t<\/h3>\n\t\t\t\t\t\t\t<\/div>\n<\/div>[vc_column_text el_class=&#8221;text_oferta&#8221;]<strong>Duration:<\/strong> 10 hours<br \/>\n<strong>Price:<\/strong> 259,000 ISK<br \/>\n<strong>Highlights:<\/strong> Off-Roading, River Crossing, Remote Wilderness[\/vc_column_text][vc_empty_space height=&#8221;10px&#8221;]<a itemprop=\"url\" href=\"https:\/\/greentoursexpeditions.is\/?destination-item=przygoda-z-przeprawa-przez-rzeke-na-islandii\" target=\"_self\"  class=\"mkdf-btn mkdf-btn-medium mkdf-btn-solid\"  >\n    <span class=\"mkdf-btn-text\">Read more<\/span>\n\t\t\t\t\t\t<\/a>[\/vc_column_inner][vc_column_inner width=&#8221;1\/3&#8243;]<div class=\"mkdf-single-image-holder   \">\n    <div class=\"mkdf-si-inner\" >\n                                    <img width=\"4032\" height=\"3024\" src=\"https:\/\/greentoursexpeditions.is\/wp-content\/uploads\/2023\/11\/3333.png\" class=\"attachment-full size-full\" alt=\"\" decoding=\"async\" loading=\"lazy\" srcset=\"https:\/\/greentoursexpeditions.is\/wp-content\/uploads\/2023\/11\/3333.png 4032w, https:\/\/greentoursexpeditions.is\/wp-content\/uploads\/2023\/11\/3333-300x225.png 300w, https:\/\/greentoursexpeditions.is\/wp-content\/uploads\/2023\/11\/3333-1024x768.png 1024w, https:\/\/greentoursexpeditions.is\/wp-content\/uploads\/2023\/11\/3333-768x576.png 768w, https:\/\/greentoursexpeditions.is\/wp-content\/uploads\/2023\/11\/3333-1536x1152.png 1536w\" sizes=\"(max-width: 4032px) 100vw, 4032px\" \/>                        <\/div>\n<\/div><div class=\"mkdf-section-title-holder  \" >\n\t<div class=\"mkdf-st-inner\">\n\t\t\t\t\t\t\t<h3 class=\"mkdf-st-title\" >\n                            \u00de\u00f3rsm\u00f6rk Waterfall Trek            \t\t\t<\/h3>\n\t\t\t\t\t\t\t<\/div>\n<\/div>[vc_column_text el_class=&#8221;text_oferta&#8221;]<strong>Duration:<\/strong> 10 hours<br \/>\n<strong>Price:<\/strong> 259,000 ISK<br \/>\n<strong>Highlights:<\/strong> Off-Roading, River Crossing, Remote Wilderness[\/vc_column_text][vc_empty_space height=&#8221;10px&#8221;]<a itemprop=\"url\" href=\"https:\/\/greentoursexpeditions.is\/?destination-item=iceland-2\" target=\"_self\"  class=\"mkdf-btn mkdf-btn-medium mkdf-btn-solid\"  >\n    <span class=\"mkdf-btn-text\">Read more<\/span>\n\t\t\t\t\t\t<\/a>[\/vc_column_inner][\/vc_row_inner][vc_row_inner content_placement=&#8221;middle&#8221; row_content_width=&#8221;grid&#8221; content_text_aligment=&#8221;center&#8221; css=&#8221;.vc_custom_1698402748713{padding-top: 55px !important;}&#8221;][vc_column_inner width=&#8221;1\/3&#8243;]<div class=\"mkdf-single-image-holder   \">\n    <div class=\"mkdf-si-inner\" >\n                                    <img width=\"4032\" height=\"3024\" src=\"https:\/\/greentoursexpeditions.is\/wp-content\/uploads\/2023\/11\/666666.png\" class=\"attachment-full size-full\" alt=\"\" decoding=\"async\" loading=\"lazy\" srcset=\"https:\/\/greentoursexpeditions.is\/wp-content\/uploads\/2023\/11\/666666.png 4032w, https:\/\/greentoursexpeditions.is\/wp-content\/uploads\/2023\/11\/666666-300x225.png 300w, https:\/\/greentoursexpeditions.is\/wp-content\/uploads\/2023\/11\/666666-1024x768.png 1024w, https:\/\/greentoursexpeditions.is\/wp-content\/uploads\/2023\/11\/666666-768x576.png 768w, https:\/\/greentoursexpeditions.is\/wp-content\/uploads\/2023\/11\/666666-1536x1152.png 1536w\" sizes=\"(max-width: 4032px) 100vw, 4032px\" \/>                        <\/div>\n<\/div><div class=\"mkdf-section-title-holder  \" >\n\t<div class=\"mkdf-st-inner\">\n\t\t\t\t\t\t\t<h3 class=\"mkdf-st-title\" >\n                            Northern Lights Expedition            \t\t\t<\/h3>\n\t\t\t\t\t\t\t<\/div>\n<\/div>[vc_column_text el_class=&#8221;text_oferta&#8221;]Duration: 6 hours (night tour)(ony winter time september to march)<br \/>\nPrice: 175,000 ISK<br \/>\nHighlights: Aurora Borealis Hunting, Stargazing, Warm Drinks[\/vc_column_text][vc_empty_space height=&#8221;10px&#8221;]<a itemprop=\"url\" href=\"https:\/\/greentoursexpeditions.is\/?destination-item=northern-lights-expedition-in-iceland&#038;preview_id=3745\" target=\"_self\"  class=\"mkdf-btn mkdf-btn-small mkdf-btn-solid przycisk_oferta\"  >\n    <span class=\"mkdf-btn-text\">Read more<\/span>\n\t\t\t\t\t\t<\/a>[\/vc_column_inner][vc_column_inner width=&#8221;1\/3&#8243;]<div class=\"mkdf-single-image-holder   \">\n    <div class=\"mkdf-si-inner\" >\n                                    <img width=\"4032\" height=\"3024\" src=\"https:\/\/greentoursexpeditions.is\/wp-content\/uploads\/2023\/11\/11.png\" class=\"attachment-full size-full\" alt=\"\" decoding=\"async\" loading=\"lazy\" srcset=\"https:\/\/greentoursexpeditions.is\/wp-content\/uploads\/2023\/11\/11.png 4032w, https:\/\/greentoursexpeditions.is\/wp-content\/uploads\/2023\/11\/11-300x225.png 300w, https:\/\/greentoursexpeditions.is\/wp-content\/uploads\/2023\/11\/11-1024x768.png 1024w, https:\/\/greentoursexpeditions.is\/wp-content\/uploads\/2023\/11\/11-768x576.png 768w, https:\/\/greentoursexpeditions.is\/wp-content\/uploads\/2023\/11\/11-1536x1152.png 1536w\" sizes=\"(max-width: 4032px) 100vw, 4032px\" \/>                        <\/div>\n<\/div><div class=\"mkdf-section-title-holder  \" >\n\t<div class=\"mkdf-st-inner\">\n\t\t\t\t\t\t\t<h3 class=\"mkdf-st-title\" >\n                            Secret Hot Springs Discovery            \t\t\t<\/h3>\n\t\t\t\t\t\t\t<\/div>\n<\/div>[vc_column_text el_class=&#8221;text_oferta&#8221;]Duration: 8 hours<br \/>\nPrice: 210,000 ISK<br \/>\nHighlights: Hidden Geothermal Pools, Relaxation[\/vc_column_text][vc_empty_space height=&#8221;10px&#8221;]<a itemprop=\"url\" href=\"https:\/\/greentoursexpeditions.is\/?destination-item=hot-springs-discovery\" target=\"_self\"  class=\"mkdf-btn mkdf-btn-medium mkdf-btn-solid\"  >\n    <span class=\"mkdf-btn-text\">Read more<\/span>\n\t\t\t\t\t\t<\/a>[\/vc_column_inner][vc_column_inner width=&#8221;1\/3&#8243;]<div class=\"mkdf-single-image-holder   \">\n    <div class=\"mkdf-si-inner\" >\n                                    <img width=\"4032\" height=\"3024\" src=\"https:\/\/greentoursexpeditions.is\/wp-content\/uploads\/2023\/11\/77777.png\" class=\"attachment-full size-full\" alt=\"\" decoding=\"async\" loading=\"lazy\" srcset=\"https:\/\/greentoursexpeditions.is\/wp-content\/uploads\/2023\/11\/77777.png 4032w, https:\/\/greentoursexpeditions.is\/wp-content\/uploads\/2023\/11\/77777-300x225.png 300w, https:\/\/greentoursexpeditions.is\/wp-content\/uploads\/2023\/11\/77777-1024x768.png 1024w, https:\/\/greentoursexpeditions.is\/wp-content\/uploads\/2023\/11\/77777-768x576.png 768w, https:\/\/greentoursexpeditions.is\/wp-content\/uploads\/2023\/11\/77777-1536x1152.png 1536w\" sizes=\"(max-width: 4032px) 100vw, 4032px\" \/>                        <\/div>\n<\/div><div class=\"mkdf-section-title-holder  \" >\n\t<div class=\"mkdf-st-inner\">\n\t\t\t\t\t\t\t<h3 class=\"mkdf-st-title\" >\n                            South Coast Waterfalls and Black Sand Beach            \t\t\t<\/h3>\n\t\t\t\t\t\t\t<\/div>\n<\/div>[vc_column_text el_class=&#8221;text_oferta&#8221;]Duration: 10 hours (available whole year but in winter time depends of conditions)<br \/>\nPrice: 200,000 ISK<br \/>\nHighlights: Seljalandsfoss, Sk\u00f3gafoss, Reynisfjara Beach[\/vc_column_text][vc_empty_space height=&#8221;10px&#8221;]<a itemprop=\"url\" href=\"https:\/\/greentoursexpeditions.is\/?destination-item=seljalandsfoss-gljufrabui-skogafoss-dyrholaey-lighthouse-and-reynisfjara-beach\" target=\"_self\"  class=\"mkdf-btn mkdf-btn-medium mkdf-btn-solid\"  >\n    <span class=\"mkdf-btn-text\">Read more<\/span>\n\t\t\t\t\t\t<\/a>[\/vc_column_inner][\/vc_row_inner][vc_row_inner content_placement=&#8221;middle&#8221; row_content_width=&#8221;grid&#8221; content_text_aligment=&#8221;center&#8221; css=&#8221;.vc_custom_1698402748713{padding-top: 55px !important;}&#8221;][vc_column_inner width=&#8221;1\/3&#8243;]<div class=\"mkdf-single-image-holder   \">\n    <div class=\"mkdf-si-inner\" >\n                                    <img width=\"4032\" height=\"3024\" src=\"https:\/\/greentoursexpeditions.is\/wp-content\/uploads\/2023\/11\/8888888.png\" class=\"attachment-full size-full\" alt=\"\" decoding=\"async\" loading=\"lazy\" srcset=\"https:\/\/greentoursexpeditions.is\/wp-content\/uploads\/2023\/11\/8888888.png 4032w, https:\/\/greentoursexpeditions.is\/wp-content\/uploads\/2023\/11\/8888888-300x225.png 300w, https:\/\/greentoursexpeditions.is\/wp-content\/uploads\/2023\/11\/8888888-1024x768.png 1024w, https:\/\/greentoursexpeditions.is\/wp-content\/uploads\/2023\/11\/8888888-768x576.png 768w, https:\/\/greentoursexpeditions.is\/wp-content\/uploads\/2023\/11\/8888888-1536x1152.png 1536w\" sizes=\"(max-width: 4032px) 100vw, 4032px\" \/>                        <\/div>\n<\/div><div class=\"mkdf-section-title-holder  \" >\n\t<div class=\"mkdf-st-inner\">\n\t\t\t\t\t\t\t<h3 class=\"mkdf-st-title\" >\n                            Sn\u00e6fellsnes Peninsula Adventure            \t\t\t<\/h3>\n\t\t\t\t\t\t\t<\/div>\n<\/div>[vc_column_text el_class=&#8221;text_oferta&#8221;]Duration: 12 hours (available whole year but in winter time depends of conditions)<br \/>\nPrice: 220,000 ISK<br \/>\nHighlights: Sn\u00e6fellsj\u00f6kull National Park, Kirkjufell Mountain, Coastal Scenery[\/vc_column_text][vc_empty_space height=&#8221;10px&#8221;]<a itemprop=\"url\" href=\"https:\/\/greentoursexpeditions.is\/?destination-item=exploring-snaefellsjokull-national-park\" target=\"_self\"  class=\"mkdf-btn mkdf-btn-small mkdf-btn-solid przycisk_oferta\"  >\n    <span class=\"mkdf-btn-text\">Read more<\/span>\n\t\t\t\t\t\t<\/a>[\/vc_column_inner][vc_column_inner width=&#8221;1\/3&#8243;]<div class=\"mkdf-single-image-holder   \">\n    <div class=\"mkdf-si-inner\" >\n                                    <img width=\"4032\" height=\"3024\" src=\"https:\/\/greentoursexpeditions.is\/wp-content\/uploads\/2023\/11\/666666.png\" class=\"attachment-full size-full\" alt=\"\" decoding=\"async\" loading=\"lazy\" srcset=\"https:\/\/greentoursexpeditions.is\/wp-content\/uploads\/2023\/11\/666666.png 4032w, https:\/\/greentoursexpeditions.is\/wp-content\/uploads\/2023\/11\/666666-300x225.png 300w, https:\/\/greentoursexpeditions.is\/wp-content\/uploads\/2023\/11\/666666-1024x768.png 1024w, https:\/\/greentoursexpeditions.is\/wp-content\/uploads\/2023\/11\/666666-768x576.png 768w, https:\/\/greentoursexpeditions.is\/wp-content\/uploads\/2023\/11\/666666-1536x1152.png 1536w\" sizes=\"(max-width: 4032px) 100vw, 4032px\" \/>                        <\/div>\n<\/div><div class=\"mkdf-section-title-holder  \" >\n\t<div class=\"mkdf-st-inner\">\n\t\t\t\t\t\t\t<h3 class=\"mkdf-st-title\" >\n                            Whales and Puffins Safari            \t\t\t<\/h3>\n\t\t\t\t\t\t\t<\/div>\n<\/div>[vc_column_text el_class=&#8221;text_oferta&#8221;]Duration: 3 hours ( end of april to end of july )<br \/>\nPrice: 75,000 ISK<br \/>\nHighlights: Whale Watching, Puffin Colony[\/vc_column_text][vc_empty_space height=&#8221;10px&#8221;]<a itemprop=\"url\" href=\"https:\/\/greentoursexpeditions.is\/?destination-item=whale-watching-and-puffin-encounter-in-iceland\" target=\"_self\"  class=\"mkdf-btn mkdf-btn-medium mkdf-btn-solid\"  >\n    <span class=\"mkdf-btn-text\">Read more<\/span>\n\t\t\t\t\t\t<\/a>[\/vc_column_inner][vc_column_inner width=&#8221;1\/3&#8243;]<div class=\"mkdf-single-image-holder   \">\n    <div class=\"mkdf-si-inner\" >\n                                    <img width=\"4032\" height=\"3024\" src=\"https:\/\/greentoursexpeditions.is\/wp-content\/uploads\/2023\/11\/10.png\" class=\"attachment-full size-full\" alt=\"\" decoding=\"async\" loading=\"lazy\" srcset=\"https:\/\/greentoursexpeditions.is\/wp-content\/uploads\/2023\/11\/10.png 4032w, https:\/\/greentoursexpeditions.is\/wp-content\/uploads\/2023\/11\/10-300x225.png 300w, https:\/\/greentoursexpeditions.is\/wp-content\/uploads\/2023\/11\/10-1024x768.png 1024w, https:\/\/greentoursexpeditions.is\/wp-content\/uploads\/2023\/11\/10-768x576.png 768w, https:\/\/greentoursexpeditions.is\/wp-content\/uploads\/2023\/11\/10-1536x1152.png 1536w\" sizes=\"(max-width: 4032px) 100vw, 4032px\" \/>                        <\/div>\n<\/div><div class=\"mkdf-section-title-holder  \" >\n\t<div class=\"mkdf-st-inner\">\n\t\t\t\t\t\t\t<h3 class=\"mkdf-st-title\" >\n                            Highlands Expedition - Volcano Exploration            \t\t\t<\/h3>\n\t\t\t\t\t\t\t<\/div>\n<\/div>[vc_column_text el_class=&#8221;text_oferta&#8221;]Duration: 14 hours (available whole year but in winter time depends of conditions)<br \/>\nPrice: 275,000 ISK<br \/>\nHighlights: Explore Active Volcanoes, Geological Wonders[\/vc_column_text][vc_empty_space height=&#8221;10px&#8221;]<a itemprop=\"url\" href=\"https:\/\/greentoursexpeditions.is\/?destination-item=highlands-expedition-volcano-exploration-in-iceland\" target=\"_self\"  class=\"mkdf-btn mkdf-btn-medium mkdf-btn-solid\"  >\n    <span class=\"mkdf-btn-text\">Read more<\/span>\n\t\t\t\t\t\t<\/a>[\/vc_column_inner][\/vc_row_inner][vc_row_inner content_placement=&#8221;middle&#8221; row_content_width=&#8221;grid&#8221; content_text_aligment=&#8221;center&#8221; css=&#8221;.vc_custom_1698402748713{padding-top: 55px !important;}&#8221;][vc_column_inner width=&#8221;1\/3&#8243;]<div class=\"mkdf-single-image-holder   \">\n    <div class=\"mkdf-si-inner\" >\n                                    <img width=\"4032\" height=\"3024\" src=\"https:\/\/greentoursexpeditions.is\/wp-content\/uploads\/2023\/11\/13.png\" class=\"attachment-full size-full\" alt=\"\" decoding=\"async\" loading=\"lazy\" srcset=\"https:\/\/greentoursexpeditions.is\/wp-content\/uploads\/2023\/11\/13.png 4032w, https:\/\/greentoursexpeditions.is\/wp-content\/uploads\/2023\/11\/13-300x225.png 300w, https:\/\/greentoursexpeditions.is\/wp-content\/uploads\/2023\/11\/13-1024x768.png 1024w, https:\/\/greentoursexpeditions.is\/wp-content\/uploads\/2023\/11\/13-768x576.png 768w, https:\/\/greentoursexpeditions.is\/wp-content\/uploads\/2023\/11\/13-1536x1152.png 1536w\" sizes=\"(max-width: 4032px) 100vw, 4032px\" \/>                        <\/div>\n<\/div><div class=\"mkdf-section-title-holder  \" >\n\t<div class=\"mkdf-st-inner\">\n\t\t\t\t\t\t\t<h3 class=\"mkdf-st-title\" >\n                            OUR SPECIAL FOR YOU - DISCOVER VESTMANNAEYJA            \t\t\t<\/h3>\n\t\t\t\t\t\t\t<\/div>\n<\/div>[vc_column_text el_class=&#8221;text_oferta&#8221;]Duration: Full-Day<br \/>\nPrice: 350,000 ISK<br \/>\nHighlights: Discover Vestmannaeyja[\/vc_column_text][vc_empty_space height=&#8221;10px&#8221;]<a itemprop=\"url\" href=\"https:\/\/greentoursexpeditions.is\/?destination-item=full-day-icelandic-adventure\" target=\"_self\"  class=\"mkdf-btn mkdf-btn-small mkdf-btn-solid przycisk_oferta\"  >\n    <span class=\"mkdf-btn-text\">Read more<\/span>\n\t\t\t\t\t\t<\/a>[\/vc_column_inner][\/vc_row_inner][vc_empty_space height=&#8221;132px&#8221;][\/vc_column][\/vc_row]<\/p>\n<\/section>","protected":false},"excerpt":{"rendered":"<p>[vc_row css=&#8221;.vc_custom_1572593905416{padding-top: 54px !important;background-image: url(https:\/\/greentoursexpeditions.is\/wp-content\/uploads\/2019\/10\/h1-bckg-02.jpg?id=102) !important;background-position: center !important;background-repeat: no-repeat !important;background-size: cover !important;}&#8221;][vc_column offset=&#8221;vc_col-lg-offset-0&#8243;][vc_empty_space height=&#8221;132px&#8221;][vc_row_inner content_placement=&#8221;middle&#8221; row_content_width=&#8221;grid&#8221; content_text_aligment=&#8221;center&#8221; css=&#8221;.vc_custom_1698402748713{padding-top: 55px !important;}&#8221;][vc_column_inner width=&#8221;1\/3&#8243;][vc_column_text el_class=&#8221;text_oferta&#8221;]Duration: 8 hours Price: 200,000 ISK Highlights: Geysir geothermal area, Gullfoss waterfall, Thingvellir National Park[\/vc_column_text][vc_empty_space height=&#8221;10px&#8221;][\/vc_column_inner][vc_column_inner width=&#8221;1\/3&#8243;][vc_column_text el_class=&#8221;text_oferta&#8221;]Duration: 12 hours Price: 259,000 ISK Highlights: J\u00f6kuls\u00e1rl\u00f3n [&hellip;]<\/p>\n","protected":false},"author":1,"featured_media":0,"parent":0,"menu_order":0,"comment_status":"closed","ping_status":"closed","template":"full-width.php","meta":{"footnotes":""},"_links":{"self":[{"href":"https:\/\/greentoursexpeditions.is\/index.php?rest_route=\/wp\/v2\/pages\/2077"}],"collection":[{"href":"https:\/\/greentoursexpeditions.is\/index.php?rest_route=\/wp\/v2\/pages"}],"about":[{"href":"https:\/\/greentoursexpeditions.is\/index.php?rest_route=\/wp\/v2\/types\/page"}],"author":[{"embeddable":true,"href":"https:\/\/greentoursexpeditions.is\/index.php?rest_route=\/wp\/v2\/users\/1"}],"replies":[{"embeddable":true,"href":"https:\/\/greentoursexpeditions.is\/index.php?rest_route=%2Fwp%2Fv2%2Fcomments&post=2077"}],"version-history":[{"count":43,"href":"https:\/\/greentoursexpeditions.is\/index.php?rest_route=\/wp\/v2\/pages\/2077\/revisions"}],"predecessor-version":[{"id":3920,"href":"https:\/\/greentoursexpeditions.is\/index.php?rest_route=\/wp\/v2\/pages\/2077\/revisions\/3920"}],"wp:attachment":[{"href":"https:\/\/greentoursexpeditions.is\/index.php?rest_route=%2Fwp%2Fv2%2Fmedia&parent=2077"}],"curies":[{"name":"wp","href":"https:\/\/api.w.org\/{rel}","templated":true}]}}